{"id":81,"date":"2016-01-23T14:15:50","date_gmt":"2016-01-23T13:15:50","guid":{"rendered":"http:\/\/fewo-schoenhagen-ostsee.de\/?page_id=81"},"modified":"2016-01-23T14:17:41","modified_gmt":"2016-01-23T13:17:41","slug":"hof-schwansen","status":"publish","type":"page","link":"https:\/\/hof-schwansen.de\/?page_id=81","title":{"rendered":"Hof Schwansen"},"content":{"rendered":"<div id=\"attachment_47\" style=\"width: 241px\" class=\"wp-caption alignright\"><a href=\"http:\/\/fewo-schoenhagen-ostsee.de\/wp-content\/uploads\/2016\/01\/sonnenuntergang.jpg\"><img aria-describedby=\"caption-attachment-47\" decoding=\"async\" loading=\"lazy\" class=\"wp-image-47\" src=\"http:\/\/fewo-schoenhagen-ostsee.de\/wp-content\/uploads\/2016\/01\/sonnenuntergang-300x225.jpg\" alt=\"Sonnenuntergang auf dem Hof Schwansen - Sch\u00f6nhagen, Ostsee\" width=\"231\" height=\"173\" srcset=\"https:\/\/hof-schwansen.de\/wp-content\/uploads\/2016\/01\/sonnenuntergang-300x225.jpg 300w, https:\/\/hof-schwansen.de\/wp-content\/uploads\/2016\/01\/sonnenuntergang-768x576.jpg 768w, https:\/\/hof-schwansen.de\/wp-content\/uploads\/2016\/01\/sonnenuntergang-1024x768.jpg 1024w, https:\/\/hof-schwansen.de\/wp-content\/uploads\/2016\/01\/sonnenuntergang.jpg 2048w\" sizes=\"(max-width: 231px) 100vw, 231px\" \/><\/a><p id=\"caption-attachment-47\" class=\"wp-caption-text\">Sonnenuntergang auf dem Hof Schwansen &#8211; Sch\u00f6nhagen, Ostsee<\/p><\/div>\n<p>Auf dem Hof Schwansen, einem vor mehreren Jahren umgebauten Bauernhof mit integriertem Caf\u00e9, werden Sie sich vom ersten Moment an wie zu Hause f\u00fchlen.<\/p>\n<p>Unser Hof liegt in dem familienfreundlichen Ostseebad Sch\u00f6nhagen zwischen Kiel und Flensburg auf der Halbinsel Schwansen. Der ausgedehnte wei\u00dfe Sandstrand der Ostsee sowie die spekatul\u00e4re Steilk\u00fcste von Sch\u00f6nhagen sind bequem zu Fu\u00df zu erreichen.<\/p>\n<p>Erleben Sie die au\u00dfergew\u00f6hnliche Atmosph\u00e4re eines ehemaligen Bauernhofs, starten Sie mit einem reichhaltigen Fr\u00fchst\u00fcck in Ihren Urlaubstag, genie\u00dfen Sie beim Joggen am herrlich breiten Sandstrand den Sonnenaufgang, lassen Sie bei einer ausgedehnten Radtour den Alltag hinter sich, bauen Sie zusammen mit Ihren Kindern tolle Sandburgen, halten Sie sich fit beim Schwimmen im Meer.<\/p>\n<p>Die M\u00f6glichkeiten, die Ihnen auf dem Hof Schwansen und der angrenzenden Schlei-Region geboten werden, sind schier grenzenlos.<\/p>\n<p>Wir freuen uns auf Ihren Besuch.<\/p>\n","protected":false},"excerpt":{"rendered":"<p>Auf dem Hof Schwansen, einem vor mehreren Jahren umgebauten Bauernhof mit integriertem Caf\u00e9, werden Sie sich vom ersten Moment an wie zu Hause f\u00fchlen. Unser Hof liegt in dem familienfreundlichen Ostseebad Sch\u00f6nhagen zwischen Kiel und Flensburg auf der Halbinsel Schwansen. Der ausgedehnte wei\u00dfe Sandstrand der Ostsee sowie die spekatul\u00e4re Steilk\u00fcste von Sch\u00f6nhagen sind bequem zu [&hellip;]<\/p>\n","protected":false},"author":1,"featured_media":0,"parent":0,"menu_order":0,"comment_status":"closed","ping_status":"closed","template":"","meta":[],"_links":{"self":[{"href":"https:\/\/hof-schwansen.de\/index.php?rest_route=\/wp\/v2\/pages\/81"}],"collection":[{"href":"https:\/\/hof-schwansen.de\/index.php?rest_route=\/wp\/v2\/pages"}],"about":[{"href":"https:\/\/hof-schwansen.de\/index.php?rest_route=\/wp\/v2\/types\/page"}],"author":[{"embeddable":true,"href":"https:\/\/hof-schwansen.de\/index.php?rest_route=\/wp\/v2\/users\/1"}],"replies":[{"embeddable":true,"href":"https:\/\/hof-schwansen.de\/index.php?rest_route=%2Fwp%2Fv2%2Fcomments&post=81"}],"version-history":[{"count":2,"href":"https:\/\/hof-schwansen.de\/index.php?rest_route=\/wp\/v2\/pages\/81\/revisions"}],"predecessor-version":[{"id":84,"href":"https:\/\/hof-schwansen.de\/index.php?rest_route=\/wp\/v2\/pages\/81\/revisions\/84"}],"wp:attachment":[{"href":"https:\/\/hof-schwansen.de\/index.php?rest_route=%2Fwp%2Fv2%2Fmedia&parent=81"}],"curies":[{"name":"wp","href":"https:\/\/api.w.org\/{rel}","templated":true}]}}