{"id":59,"date":"2016-01-23T12:23:00","date_gmt":"2016-01-23T11:23:00","guid":{"rendered":"http:\/\/fewo-schoenhagen-ostsee.de\/?page_id=59"},"modified":"2024-03-12T14:11:29","modified_gmt":"2024-03-12T13:11:29","slug":"so-finden-sie-uns","status":"publish","type":"page","link":"https:\/\/hof-schwansen.de\/?page_id=59","title":{"rendered":"So findet ihr uns&#8230;"},"content":{"rendered":"<p class=\"bodytext\"><b>Mit dem Auto:<\/b><\/p>\n<p class=\"bodytext\">Sowohl aus dem S\u00fcden als auch aus dem Norden fahrt ihr \u00fcber die A7 bis zur Ausfahrt Rendsburg\/B\u00fcdelsdorf (8). Dort wechselt ihr auf die Bundesstra\u00dfe 203 in Richtung Eckernf\u00f6rde. In Eckernf\u00f6rde haltet ihr euch auf der B203 Richtung Kappeln.<\/p>\n<p class=\"bodytext\">Fahrt auf der B203 bis zur Ausfahrt Sch\u00f6nhagen \/ Karby \/ Winnemark. Nehmt im Kreisverkehr die dritte Ausfahrt Richtung Sch\u00f6nhagen. Ihr durchquert die Ortschaft H\u00f6xmark und fahrt weiter, bis ihr in Sch\u00f6nhagen angekommt.<\/p>\n<p class=\"bodytext\">Nach dem Orts-Eingangschild biegt ihr die erste Stra\u00dfe links ab. Dies ist bereits die Schlossstra\u00dfe, den Hof Schwansen findet ihr nach 150 Metern auf der linken Seite.<\/p>\n<p class=\"bodytext\"><b>Mit dem Zug:<\/b><\/p>\n<p class=\"bodytext\">Der n\u00e4chstgelegene Bahnhof befindet sich in Eckernf\u00f6rde.<\/p>\n<p class=\"bodytext\"><div class=\"wpgmp_map_container wpgmp-map-1\" rel=\"map1\"><div class=\"wpgmp_map_parent\"><div class=\"wpgmp_map \" style=\"width:100%; height:300px;\" id=\"map1\" ><\/div><\/div><\/div><script>jQuery(document).ready(function($) {var map1 = $(\"#map1\").maps({\"map_options\":{\"center_lat\":\"54.62867\",\"center_lng\":\"10.02049999999997\",\"zoom\":12,\"map_type_id\":\"TERRAIN\",\"draggable\":false,\"scroll_wheel\":false,\"display_45_imagery\":\"\",\"marker_default_icon\":\"\",\"infowindow_setting\":\"\",\"infowindow_bounce_animation\":null,\"infowindow_drop_animation\":false,\"close_infowindow_on_map_click\":false,\"default_infowindow_open\":false,\"infowindow_open_event\":\"click\",\"full_screen_control\":true,\"search_control\":true,\"zoom_control\":false,\"map_type_control\":false,\"street_view_control\":false,\"full_screen_control_position\":null,\"search_control_position\":\"TOP_LEFT\",\"zoom_control_position\":\"TOP_LEFT\",\"map_type_control_position\":\"TOP_RIGHT\",\"map_type_control_style\":\"HORIZONTAL_BAR\",\"street_view_control_position\":\"TOP_LEFT\",\"map_control\":true,\"map_control_settings\":false,\"map_zoom_after_search\":6,\"width\":\"\",\"height\":\"300\"},\"places\":[{\"id\":\"1\",\"title\":\"Hof Schwansen\",\"address\":\"Schlo\\u00dfstra\\u00dfe 8, Sch\\u00f6nhagen, Brodersby, Germany\",\"source\":\"manual\",\"content\":\"Hof Schwansen Ferienwohnungen & Cafe\",\"location\":{\"icon\":\"https:\\\/\\\/hof-schwansen.de\\\/wp-content\\\/plugins\\\/wp-google-map-plugin\\\/assets\\\/images\\\/default_marker.png\",\"lat\":\"54.62867\",\"lng\":\"10.02049999999997\",\"city\":\"Brodersby\",\"state\":\"Schleswig-Holstein\",\"country\":\"Germany\",\"onclick_action\":\"marker\",\"redirect_custom_link\":\"\",\"marker_image\":\"\",\"open_new_tab\":\"yes\",\"postal_code\":\"24398\",\"draggable\":false,\"infowindow_default_open\":true,\"animation\":\"BOUNCE\",\"infowindow_disable\":true,\"zoom\":5,\"extra_fields\":\"\"},\"categories\":[],\"custom_filters\":\"\"}],\"styles\":\"\",\"listing\":\"\",\"map_property\":{\"map_id\":\"1\"}}).data(\"wpgmp_maps\");});<\/script><\/p>\n<form action=\"http:\/\/maps.google.com\/maps\" method=\"get\" target=\"_blank\">\n<table class=\"aligncenter\" border=\"0\" cellspacing=\"2\" cellpadding=\"0\">\n<tbody>\n<tr>\n<td>Routenplaner:<\/td>\n<td><input class=\"inputbox\" name=\"saddr\" type=\"text\" value=\"Startadresse...\" \/><\/td>\n<td><input name=\"daddr\" type=\"hidden\" value=\"Hof Schwansen, Schlossstrasse 8, Sch\u00f6nhagen\" \/><button type=\"submit\">Route berechnen<\/button><\/td>\n<\/tr>\n<\/tbody>\n<\/table>\n<\/form>\n","protected":false},"excerpt":{"rendered":"<p>Mit dem Auto: Sowohl aus dem S\u00fcden als auch aus dem Norden fahrt ihr \u00fcber die A7 bis zur Ausfahrt Rendsburg\/B\u00fcdelsdorf (8). Dort wechselt ihr auf die Bundesstra\u00dfe 203 in Richtung Eckernf\u00f6rde. In Eckernf\u00f6rde haltet ihr euch auf der B203 Richtung Kappeln. Fahrt auf der B203 bis zur Ausfahrt Sch\u00f6nhagen \/ Karby \/ Winnemark. Nehmt [&hellip;]<\/p>\n","protected":false},"author":1,"featured_media":0,"parent":0,"menu_order":0,"comment_status":"closed","ping_status":"closed","template":"","meta":[],"_links":{"self":[{"href":"https:\/\/hof-schwansen.de\/index.php?rest_route=\/wp\/v2\/pages\/59"}],"collection":[{"href":"https:\/\/hof-schwansen.de\/index.php?rest_route=\/wp\/v2\/pages"}],"about":[{"href":"https:\/\/hof-schwansen.de\/index.php?rest_route=\/wp\/v2\/types\/page"}],"author":[{"embeddable":true,"href":"https:\/\/hof-schwansen.de\/index.php?rest_route=\/wp\/v2\/users\/1"}],"replies":[{"embeddable":true,"href":"https:\/\/hof-schwansen.de\/index.php?rest_route=%2Fwp%2Fv2%2Fcomments&post=59"}],"version-history":[{"count":4,"href":"https:\/\/hof-schwansen.de\/index.php?rest_route=\/wp\/v2\/pages\/59\/revisions"}],"predecessor-version":[{"id":1466,"href":"https:\/\/hof-schwansen.de\/index.php?rest_route=\/wp\/v2\/pages\/59\/revisions\/1466"}],"wp:attachment":[{"href":"https:\/\/hof-schwansen.de\/index.php?rest_route=%2Fwp%2Fv2%2Fmedia&parent=59"}],"curies":[{"name":"wp","href":"https:\/\/api.w.org\/{rel}","templated":true}]}}