{"id":2,"date":"2016-01-23T11:03:10","date_gmt":"2016-01-23T10:03:10","guid":{"rendered":"http:\/\/fewo-schoenhagen-ostsee.de\/?page_id=2"},"modified":"2025-06-22T20:12:59","modified_gmt":"2025-06-22T18:12:59","slug":"beispiel-seite","status":"publish","type":"page","link":"https:\/\/hof-schwansen.de\/","title":{"rendered":"Moin"},"content":{"rendered":"<p>ankommen, ausatmen, genie\u00dfen \u2013 das ist mein Motto.<\/p>\n<p>Herzlich willkommen auf Hof Schwansen, wo das Du selbstverst\u00e4ndlich ist.<\/p>\n<p>In meinen nordisch mit Liebe eingerichteten Ferienwohnungen k\u00f6nnt ihr einen Urlaub der Ruhe erleben. Im Caf\u00e9 erwarten euch leckeres Fr\u00fchst\u00fcck, selbstgebackene Kuchen und Tortentr\u00e4ume.<\/p>\n<p>Mein Ziel ist es, dass ihr euch wie zu Hause f\u00fchlt. Auch eure vierbeinigen Familienmitglieder sind herzlich willkommen.<\/p>\n<p>Hof Schwansen liegt im Ostseebad Sch\u00f6nhagen zwischen Eckernf\u00f6rde und Kappeln an der Schlei auf der Halbinsel Schwansen. Die malerische Umgebung wartet nur darauf von euch entdeckt zu werden. Ganz gleich, ob ihr am Sandstrand oder an der Steilk\u00fcste spazieren m\u00f6chtet, die Umgebung mit dem Rad erkunden oder nur die Ruhe genie\u00dfen m\u00f6chte &#8211; hier ist f\u00fcr jeden etwas dabei.<\/p>\n<p>Wir freuen uns auch euch!<\/p>\n<p>Herzlich<\/p>\n<p>Ilka und Team<\/p>\n","protected":false},"excerpt":{"rendered":"<p>ankommen, ausatmen, genie\u00dfen \u2013 das ist mein Motto. Herzlich willkommen auf Hof Schwansen, wo das Du selbstverst\u00e4ndlich ist. In meinen nordisch mit Liebe eingerichteten Ferienwohnungen k\u00f6nnt ihr einen Urlaub der Ruhe erleben. Im Caf\u00e9 erwarten euch leckeres Fr\u00fchst\u00fcck, selbstgebackene Kuchen und Tortentr\u00e4ume. Mein Ziel ist es, dass ihr euch wie zu Hause f\u00fchlt. Auch eure [&hellip;]<\/p>\n","protected":false},"author":1,"featured_media":0,"parent":0,"menu_order":0,"comment_status":"closed","ping_status":"open","template":"","meta":[],"_links":{"self":[{"href":"https:\/\/hof-schwansen.de\/index.php?rest_route=\/wp\/v2\/pages\/2"}],"collection":[{"href":"https:\/\/hof-schwansen.de\/index.php?rest_route=\/wp\/v2\/pages"}],"about":[{"href":"https:\/\/hof-schwansen.de\/index.php?rest_route=\/wp\/v2\/types\/page"}],"author":[{"embeddable":true,"href":"https:\/\/hof-schwansen.de\/index.php?rest_route=\/wp\/v2\/users\/1"}],"replies":[{"embeddable":true,"href":"https:\/\/hof-schwansen.de\/index.php?rest_route=%2Fwp%2Fv2%2Fcomments&post=2"}],"version-history":[{"count":26,"href":"https:\/\/hof-schwansen.de\/index.php?rest_route=\/wp\/v2\/pages\/2\/revisions"}],"predecessor-version":[{"id":1574,"href":"https:\/\/hof-schwansen.de\/index.php?rest_route=\/wp\/v2\/pages\/2\/revisions\/1574"}],"wp:attachment":[{"href":"https:\/\/hof-schwansen.de\/index.php?rest_route=%2Fwp%2Fv2%2Fmedia&parent=2"}],"curies":[{"name":"wp","href":"https:\/\/api.w.org\/{rel}","templated":true}]}}