{"id":142,"date":"2016-01-23T15:47:04","date_gmt":"2016-01-23T14:47:04","guid":{"rendered":"http:\/\/fewo-schoenhagen-ostsee.de\/?page_id=142"},"modified":"2022-08-12T17:37:40","modified_gmt":"2022-08-12T15:37:40","slug":"schwimmbaeder","status":"publish","type":"page","link":"https:\/\/hof-schwansen.de\/?page_id=142","title":{"rendered":"Sauna \/ Schwimmb\u00e4der"},"content":{"rendered":"<p>&nbsp;<\/p>\n<p><strong>Saunalandschaft im \u201eMare Mara\u201c Damp<\/strong><\/p>\n<p>Hier k\u00f6nnt ihr zwischen acht Saunen w\u00e4hlen und so ist f\u00fcr jeden Geschmack etwas dabei. G\u00f6nnt euch eine erholsame Entspannung mit Meerblick. <a href=\"https:\/\/www.ostsee-resort-dampland.de\/resort\/saunalandschaft\">Ostsee Resort Dampland: <\/a><\/p>\n<p><strong>Entdeckerbad \u201eDas Erlebnisbad an der Ostsee\u201c Damp<\/strong><\/p>\n<p>Im Innen- und Au\u00dfenbecken k\u00f6nnt ihr den traumhaften Ausblick auf die Ostsee genie\u00dfen und entspannen. Alternativ auf der Speedrutsche eure Geschwindigkeit messen oder einfach mal die knapp 100 Meter lange Eventrutsche ausprobieren. <a href=\"https:\/\/www.ostsee-resort-dampland.de\/resort\/entdeckerbad\">Ostsee Resort Dampland: Entdeckerbad <\/a><\/p>\n<p><strong>&#8222;F\u00f6rdeland Therme&#8220; Gl\u00fccksburg<\/strong><\/p>\n<p>\u201eF\u00fcnfe gerade sein lassen\u201c. F\u00fcnf Saunen, unendlich viel Entspannung: ob Kr\u00e4utersauna mit 58 \u00b0C, 45 \u00b0C warmes Dampfbad mit hoher Luftfeuchtigkeit, Aufgusssauna, Sauna mit Ausblick in den Saunagarten oder 102 \u00b0C warme Feuersauna f\u00fcr die ideale Entspannung von K\u00f6rper, Geist und Seele im Feuerschein eines Kamins \u2013 in der Saunawelt findet ihr garantiert euren individuellen Relax-Moment.<\/p>\n<p>\u201eEintauchen und Spa\u00df haben\u201c. Taucht ab und entspannt euch bei 32\u00b0C im warmen Erlebnisbecken mit sprudelnden Geysiren, Schwallduschen und Wassermassagen oder genie\u00dft einen Moment im Whirlpool<strong>. <\/strong><a href=\"http:\/\/www.foerdelandtherme.de\">www.foerdelandtherme.de<\/a><\/p>\n<p><strong>&#8222;Meerwasser Wellenbad &amp; Sauna Hot Spot&#8220; Eckernf\u00f6rde<\/strong><\/p>\n<p>\u201eMehr Meer geht nur im Meer\u201c. Das verspricht das Meerwasser-Wellenbad Eckernf\u00f6rde. Die 75-Meter-Rutsche f\u00fchrt euch direkt ins Meerwasser-Wellenbad. \u00a0Die Salzgrotte und die Schneekabine l\u00e4sst euch den Alltag vergessen. Mondschein- und Saunan\u00e4chte sind immer etwas Besonderes und das Kleinkindbecken bietet reichlich Spielvergn\u00fcgen f\u00fcr die kleinsten G\u00e4ste. <a href=\"http:\/\/www.meerwasser-wellenbad.de\">www.meerwasser-wellenbad.de<\/a><\/p>\n<p>&nbsp;<\/p>\n<p>&nbsp;<\/p>\n<p>&nbsp;<\/p>\n<p>&nbsp;<\/p>\n<p>&nbsp;<\/p>\n","protected":false},"excerpt":{"rendered":"<p>&nbsp; Saunalandschaft im \u201eMare Mara\u201c Damp Hier k\u00f6nnt ihr zwischen acht Saunen w\u00e4hlen und so ist f\u00fcr jeden Geschmack etwas dabei. G\u00f6nnt euch eine erholsame Entspannung mit Meerblick. Ostsee Resort Dampland: Entdeckerbad \u201eDas Erlebnisbad an der Ostsee\u201c Damp Im Innen- und Au\u00dfenbecken k\u00f6nnt ihr den traumhaften Ausblick auf die Ostsee genie\u00dfen und entspannen. Alternativ auf [&hellip;]<\/p>\n","protected":false},"author":1,"featured_media":0,"parent":0,"menu_order":0,"comment_status":"closed","ping_status":"closed","template":"","meta":[],"_links":{"self":[{"href":"https:\/\/hof-schwansen.de\/index.php?rest_route=\/wp\/v2\/pages\/142"}],"collection":[{"href":"https:\/\/hof-schwansen.de\/index.php?rest_route=\/wp\/v2\/pages"}],"about":[{"href":"https:\/\/hof-schwansen.de\/index.php?rest_route=\/wp\/v2\/types\/page"}],"author":[{"embeddable":true,"href":"https:\/\/hof-schwansen.de\/index.php?rest_route=\/wp\/v2\/users\/1"}],"replies":[{"embeddable":true,"href":"https:\/\/hof-schwansen.de\/index.php?rest_route=%2Fwp%2Fv2%2Fcomments&post=142"}],"version-history":[{"count":8,"href":"https:\/\/hof-schwansen.de\/index.php?rest_route=\/wp\/v2\/pages\/142\/revisions"}],"predecessor-version":[{"id":1308,"href":"https:\/\/hof-schwansen.de\/index.php?rest_route=\/wp\/v2\/pages\/142\/revisions\/1308"}],"wp:attachment":[{"href":"https:\/\/hof-schwansen.de\/index.php?rest_route=%2Fwp%2Fv2%2Fmedia&parent=142"}],"curies":[{"name":"wp","href":"https:\/\/api.w.org\/{rel}","templated":true}]}}