{"id":140,"date":"2016-01-23T15:46:28","date_gmt":"2016-01-23T14:46:28","guid":{"rendered":"http:\/\/fewo-schoenhagen-ostsee.de\/?page_id=140"},"modified":"2022-08-12T17:39:41","modified_gmt":"2022-08-12T15:39:41","slug":"schloesser","status":"publish","type":"page","link":"https:\/\/hof-schwansen.de\/?page_id=140","title":{"rendered":"Schl\u00f6sser"},"content":{"rendered":"<p><strong><a href=\"http:\/\/hof-schwansen.de\/wp-content\/uploads\/2016\/01\/glucksburg-castle-335240_1920.jpg\"><img decoding=\"async\" loading=\"lazy\" class=\" wp-image-303 alignright\" src=\"http:\/\/hof-schwansen.de\/wp-content\/uploads\/2016\/01\/glucksburg-castle-335240_1920-300x225.jpg\" alt=\"glucksburg-castle-335240_1920\" width=\"247\" height=\"185\" srcset=\"https:\/\/hof-schwansen.de\/wp-content\/uploads\/2016\/01\/glucksburg-castle-335240_1920-300x225.jpg 300w, https:\/\/hof-schwansen.de\/wp-content\/uploads\/2016\/01\/glucksburg-castle-335240_1920-768x576.jpg 768w, https:\/\/hof-schwansen.de\/wp-content\/uploads\/2016\/01\/glucksburg-castle-335240_1920-1024x767.jpg 1024w, https:\/\/hof-schwansen.de\/wp-content\/uploads\/2016\/01\/glucksburg-castle-335240_1920.jpg 1920w\" sizes=\"(max-width: 247px) 100vw, 247px\" \/><\/a><\/strong><\/p>\n<p>&nbsp;<\/p>\n<p><strong>Schloss Gl\u00fccksburg\u00a0<\/strong><br \/>\nDas Schloss Gl\u00fccksburg ist ein Wasserschloss und wurde 1583-1587 im Auftrag Herzog Johann dem J\u00fcngeren erbaut. Es geh\u00f6rt zu den wichtigsten Residenzschl\u00f6ssern Norddeutschlands. Es ist gepr\u00e4gt worden von der europ\u00e4ischen Geschichte und als Sitz der Herz\u00f6ge des Hauses Schleswig-Holstein, zeitweise auch als Regierungssitz der d\u00e4nischen K\u00f6nige. Das Schloss bietet neben dem klassischen Museum auch Trauzimmer und S\u00e4le f\u00fcr Veranstaltungen an. <a href=\"http:\/\/www.schloss-gluecksburg.de\">www.schloss-gluecksburg.de<\/a><\/p>\n<p><strong>Schloss Gottorf: zwei Landesmuseen unter einem Dach in Schleswig<\/strong><br \/>\nDas pr\u00e4chtige Schloss Gottorf liegt majest\u00e4tisch auf der Burginsel am Ende der Schlei. 1948 entschied die Landesregierung Schleswig-Holsteins, Schloss Gottorf zum Sitz der Landesmuseen f\u00fcr Arch\u00e4ologie und f\u00fcr Kunst- und Kulturgeschichte zu machen.<\/p>\n<p><a href=\"http:\/\/www.schloss-gottorf.de\">www.schloss-gottorf.de<\/a><\/p>\n<p><strong><a href=\"http:\/\/hof-schwansen.de\/wp-content\/uploads\/2016\/01\/husum-1428935_1280.jpg\"><img decoding=\"async\" loading=\"lazy\" class=\" wp-image-305 alignleft\" src=\"http:\/\/hof-schwansen.de\/wp-content\/uploads\/2016\/01\/husum-1428935_1280-300x200.jpg\" alt=\"husum-1428935_1280\" width=\"242\" height=\"161\" srcset=\"https:\/\/hof-schwansen.de\/wp-content\/uploads\/2016\/01\/husum-1428935_1280-300x200.jpg 300w, https:\/\/hof-schwansen.de\/wp-content\/uploads\/2016\/01\/husum-1428935_1280-768x512.jpg 768w, https:\/\/hof-schwansen.de\/wp-content\/uploads\/2016\/01\/husum-1428935_1280-1024x682.jpg 1024w, https:\/\/hof-schwansen.de\/wp-content\/uploads\/2016\/01\/husum-1428935_1280.jpg 1280w\" sizes=\"(max-width: 242px) 100vw, 242px\" \/><\/a><\/strong><\/p>\n<p><strong>Schloss Husum: Kunst und Kultur\u00a0<\/strong><\/p>\n<p>Kunst und Kultur im Schloss Husum Das Schloss vor Husum ist das einzige Schloss an der schleswig-holsteinischen Nordseek\u00fcste. Im Husumer Schloss findet ihr ein Museum mit Dachgalerie, Poppensp\u00e4ler-Museum, Schlosspark und Herzoginnengarten sowie hochkar\u00e4tige Veranstaltungen.<\/p>\n<p><a href=\"https:\/\/www.husum-tourismus.de\/Reisefuehrer\/Typisch-Husum\/Schloss-vor-Husum\">Schloss vor Husum | Kulturelles Zentrum an der Nordsee (husum-tourismus.de)<\/a><br \/>\n<a href=\"http:\/\/www.museumsverbund-nordfriesland.de\">www.museumsverbund-nordfriesland.de<\/a><\/p>\n<p><strong><a href=\"http:\/\/hof-schwansen.de\/wp-content\/uploads\/2016\/01\/husum-1428935_1280.jpg\">\u00a0<\/a><\/strong><\/p>\n","protected":false},"excerpt":{"rendered":"<p>&nbsp; Schloss Gl\u00fccksburg\u00a0 Das Schloss Gl\u00fccksburg ist ein Wasserschloss und wurde 1583-1587 im Auftrag Herzog Johann dem J\u00fcngeren erbaut. Es geh\u00f6rt zu den wichtigsten Residenzschl\u00f6ssern Norddeutschlands. Es ist gepr\u00e4gt worden von der europ\u00e4ischen Geschichte und als Sitz der Herz\u00f6ge des Hauses Schleswig-Holstein, zeitweise auch als Regierungssitz der d\u00e4nischen K\u00f6nige. Das Schloss bietet neben dem klassischen [&hellip;]<\/p>\n","protected":false},"author":1,"featured_media":0,"parent":0,"menu_order":0,"comment_status":"closed","ping_status":"closed","template":"","meta":[],"_links":{"self":[{"href":"https:\/\/hof-schwansen.de\/index.php?rest_route=\/wp\/v2\/pages\/140"}],"collection":[{"href":"https:\/\/hof-schwansen.de\/index.php?rest_route=\/wp\/v2\/pages"}],"about":[{"href":"https:\/\/hof-schwansen.de\/index.php?rest_route=\/wp\/v2\/types\/page"}],"author":[{"embeddable":true,"href":"https:\/\/hof-schwansen.de\/index.php?rest_route=\/wp\/v2\/users\/1"}],"replies":[{"embeddable":true,"href":"https:\/\/hof-schwansen.de\/index.php?rest_route=%2Fwp%2Fv2%2Fcomments&post=140"}],"version-history":[{"count":9,"href":"https:\/\/hof-schwansen.de\/index.php?rest_route=\/wp\/v2\/pages\/140\/revisions"}],"predecessor-version":[{"id":1310,"href":"https:\/\/hof-schwansen.de\/index.php?rest_route=\/wp\/v2\/pages\/140\/revisions\/1310"}],"wp:attachment":[{"href":"https:\/\/hof-schwansen.de\/index.php?rest_route=%2Fwp%2Fv2%2Fmedia&parent=140"}],"curies":[{"name":"wp","href":"https:\/\/api.w.org\/{rel}","templated":true}]}}