{"id":138,"date":"2016-01-23T15:45:39","date_gmt":"2016-01-23T14:45:39","guid":{"rendered":"http:\/\/fewo-schoenhagen-ostsee.de\/?page_id=138"},"modified":"2022-08-12T17:34:51","modified_gmt":"2022-08-12T15:34:51","slug":"schifffahrten","status":"publish","type":"page","link":"https:\/\/hof-schwansen.de\/?page_id=138","title":{"rendered":"Schifffahrten"},"content":{"rendered":"<p><strong><a href=\"http:\/\/www.fewo-schoenhagen-ostsee.de\/wp-content\/uploads\/2016\/01\/Schiff_Stadt_Kappeln.jpg\"><img decoding=\"async\" loading=\"lazy\" class=\" wp-image-203 alignright\" src=\"http:\/\/www.fewo-schoenhagen-ostsee.de\/wp-content\/uploads\/2016\/01\/Schiff_Stadt_Kappeln.jpg\" alt=\"Schiff Stadt Kappeln\" width=\"180\" height=\"135\" \/><\/a><\/strong><\/p>\n<p>&nbsp;<\/p>\n<p><strong>Ausflugsfahrt mit der \u201eMS Stadt Kappeln\u201c Kappeln<\/strong><strong><br \/>\n<\/strong>Genie\u00dft die beeindruckende Landschaft bei einer Ausflugsfahrt auf der Schlei. Touren gibt es von Kappeln nach Maasholm, Schleim\u00fcnde, Missunde und Schleswig.<\/p>\n<p><a href=\"http:\/\/www.schlei-ausflugsfahrten.de\">www.schlei-ausflugsfahrten.de<\/a><\/p>\n<p><strong>\u00a0<\/strong><\/p>\n<p><strong><a href=\"http:\/\/www.fewo-schoenhagen-ostsee.de\/wp-content\/uploads\/2016\/01\/kappeln_bruecek_raddampfer.jpg\"><img decoding=\"async\" loading=\"lazy\" class=\"alignleft wp-image-229\" src=\"http:\/\/www.fewo-schoenhagen-ostsee.de\/wp-content\/uploads\/2016\/01\/kappeln_bruecek_raddampfer.jpg\" alt=\"kappeln_bruecek_raddampfer\" width=\"191\" height=\"143\" \/><\/a><\/strong><\/p>\n<p><strong>Ausflugsfahrt mit dem \u201eRaddampfer Schlei Princess\u201c Kappeln<\/strong><br \/>\nErlebt die beeindruckende Landschaft entlang der Schlei mit dem Raddampfer Schlei Princess oder dem Ausflugsschiff Nordlicht. Entdeckt das wundersch\u00f6ne Reetdach Dorf Sieseby oder bummelt durch die historische Wikingerstadt Schleswig am Ende der Schlei.<\/p>\n<p><a href=\"http:\/\/www.schleiraddampfer.de\">www.schleiraddampfer.de<\/a><\/p>\n<p><strong>\u00a0<\/strong><\/p>\n<p><strong><a href=\"http:\/\/www.fewo-schoenhagen-ostsee.de\/wp-content\/uploads\/2016\/01\/Schleswiger_Hafenrundfahrt_01.jpg\"><img decoding=\"async\" loading=\"lazy\" class=\"size-full wp-image-204 alignright\" src=\"http:\/\/www.fewo-schoenhagen-ostsee.de\/wp-content\/uploads\/2016\/01\/Schleswiger_Hafenrundfahrt_01.jpg\" alt=\"Schleswiger_Hafenrundfahrt_01\" width=\"260\" height=\"163\" \/><\/a><\/strong><\/p>\n<p><strong>Ausflugsfahrten mit der \u201eWappen von Schleswig\u201c Schleswig<\/strong><br \/>\nDie \u201eWappen von Schleswig\u201c lief unter dem Namen \u201eAltstadt\u201c 1927 in K\u00f6nigsberg vom Stapel und wurde als Schlepper und Eisbrecher auf dem Pregel und dem Frischen Haff eingesetzt. Seit 1968 f\u00e4hrt die Wappen von Schleswig auf der Schlei und wird in der dritten Generation gef\u00fchrt.<\/p>\n<p><a href=\"http:\/\/www.schleifahrten.de\">www.schleifahrten.de<\/a><\/p>\n<p><strong>\u00a0<\/strong><\/p>\n","protected":false},"excerpt":{"rendered":"<p>&nbsp; Ausflugsfahrt mit der \u201eMS Stadt Kappeln\u201c Kappeln Genie\u00dft die beeindruckende Landschaft bei einer Ausflugsfahrt auf der Schlei. Touren gibt es von Kappeln nach Maasholm, Schleim\u00fcnde, Missunde und Schleswig. www.schlei-ausflugsfahrten.de \u00a0 Ausflugsfahrt mit dem \u201eRaddampfer Schlei Princess\u201c Kappeln Erlebt die beeindruckende Landschaft entlang der Schlei mit dem Raddampfer Schlei Princess oder dem Ausflugsschiff Nordlicht. Entdeckt [&hellip;]<\/p>\n","protected":false},"author":1,"featured_media":0,"parent":0,"menu_order":0,"comment_status":"closed","ping_status":"closed","template":"","meta":[],"_links":{"self":[{"href":"https:\/\/hof-schwansen.de\/index.php?rest_route=\/wp\/v2\/pages\/138"}],"collection":[{"href":"https:\/\/hof-schwansen.de\/index.php?rest_route=\/wp\/v2\/pages"}],"about":[{"href":"https:\/\/hof-schwansen.de\/index.php?rest_route=\/wp\/v2\/types\/page"}],"author":[{"embeddable":true,"href":"https:\/\/hof-schwansen.de\/index.php?rest_route=\/wp\/v2\/users\/1"}],"replies":[{"embeddable":true,"href":"https:\/\/hof-schwansen.de\/index.php?rest_route=%2Fwp%2Fv2%2Fcomments&post=138"}],"version-history":[{"count":4,"href":"https:\/\/hof-schwansen.de\/index.php?rest_route=\/wp\/v2\/pages\/138\/revisions"}],"predecessor-version":[{"id":1302,"href":"https:\/\/hof-schwansen.de\/index.php?rest_route=\/wp\/v2\/pages\/138\/revisions\/1302"}],"wp:attachment":[{"href":"https:\/\/hof-schwansen.de\/index.php?rest_route=%2Fwp%2Fv2%2Fmedia&parent=138"}],"curies":[{"name":"wp","href":"https:\/\/api.w.org\/{rel}","templated":true}]}}