{"id":136,"date":"2016-01-23T15:44:13","date_gmt":"2016-01-23T14:44:13","guid":{"rendered":"http:\/\/fewo-schoenhagen-ostsee.de\/?page_id=136"},"modified":"2022-08-12T17:40:08","modified_gmt":"2022-08-12T15:40:08","slug":"erlebnisparks","status":"publish","type":"page","link":"https:\/\/hof-schwansen.de\/?page_id=136","title":{"rendered":"Erlebnisparks"},"content":{"rendered":"<p>&nbsp;<\/p>\n<p><strong>850 Tiere in 150 Arten live an der Ostsee erleben Gettorf<\/strong><br \/>\nDer Tierpark Gettorf hat t\u00e4glich ge\u00f6ffnet \u2013 auch an den Feiertagen. Informiert euch am besten im Vorhinein \u00fcber die aktuellen \u00d6ffnungszeiten sowie die F\u00fctterungszeiten. Der Park bietet Freifluganlagen und begehbare Gehege, Tropenhallen und begehbare Tierh\u00e4user die auch bei schlechtem Wetter den Besuch zu einem Erlebnis werden lassen. <a href=\"http:\/\/www.tierparkgettorf.de\">www.tierparkgettorf.de<\/a><\/p>\n<p>&nbsp;<\/p>\n<p><strong>Erleben Sie Adler, Uhus, Bussarde und Falken live Daldorf<\/strong><br \/>\nProfessionelle Flugvorf\u00fchrungen mit verschiedenen Greifv\u00f6geln und Eulen bietet das Greifvogelzentrum \/ Falknerei Schleswig-Holstein. Au\u00dferdem bietet das Zentrum reichlich Informationen \u00fcber das Leben und den Alltag von Habichten, Adlern, Falken und vielen weiteren Greifv\u00f6geln. <a href=\"http:\/\/www.greifvogelzentrumsh.de\">www.greifvogelzentrumsh.de<\/a><\/p>\n<p>&nbsp;<\/p>\n<p><strong>Ein Park f\u00fcr die ganze Familie Tolk-Schau Tolk<\/strong><\/p>\n<p>In diesem Familien-Freizeitpark mit seinem Tal der Dinosaurier locken folgende Attraktionen: Bootsrutsche, Sommerrodelbahn, Swing Boot, Familien-Achterbahn, Berg- und Talbahn, Autoscooter und vieles mehr. Um sich den Park in Ruhe anzuschauen, k\u00f6nnt ihr ihn mit der Parkbahn erkunden. Eine tolle Gelegenheit ist es auch in den \u00fcber 50 Grillh\u00fctten zu grillen. <a href=\"http:\/\/www.tolk-schau.de\/\">www.tolk-schau.de<\/a><\/p>\n<p>&nbsp;<\/p>\n","protected":false},"excerpt":{"rendered":"<p>&nbsp; 850 Tiere in 150 Arten live an der Ostsee erleben Gettorf Der Tierpark Gettorf hat t\u00e4glich ge\u00f6ffnet \u2013 auch an den Feiertagen. Informiert euch am besten im Vorhinein \u00fcber die aktuellen \u00d6ffnungszeiten sowie die F\u00fctterungszeiten. Der Park bietet Freifluganlagen und begehbare Gehege, Tropenhallen und begehbare Tierh\u00e4user die auch bei schlechtem Wetter den Besuch zu [&hellip;]<\/p>\n","protected":false},"author":1,"featured_media":0,"parent":0,"menu_order":0,"comment_status":"closed","ping_status":"closed","template":"","meta":[],"_links":{"self":[{"href":"https:\/\/hof-schwansen.de\/index.php?rest_route=\/wp\/v2\/pages\/136"}],"collection":[{"href":"https:\/\/hof-schwansen.de\/index.php?rest_route=\/wp\/v2\/pages"}],"about":[{"href":"https:\/\/hof-schwansen.de\/index.php?rest_route=\/wp\/v2\/types\/page"}],"author":[{"embeddable":true,"href":"https:\/\/hof-schwansen.de\/index.php?rest_route=\/wp\/v2\/users\/1"}],"replies":[{"embeddable":true,"href":"https:\/\/hof-schwansen.de\/index.php?rest_route=%2Fwp%2Fv2%2Fcomments&post=136"}],"version-history":[{"count":7,"href":"https:\/\/hof-schwansen.de\/index.php?rest_route=\/wp\/v2\/pages\/136\/revisions"}],"predecessor-version":[{"id":1311,"href":"https:\/\/hof-schwansen.de\/index.php?rest_route=\/wp\/v2\/pages\/136\/revisions\/1311"}],"wp:attachment":[{"href":"https:\/\/hof-schwansen.de\/index.php?rest_route=%2Fwp%2Fv2%2Fmedia&parent=136"}],"curies":[{"name":"wp","href":"https:\/\/api.w.org\/{rel}","templated":true}]}}