{"id":133,"date":"2016-01-23T15:33:03","date_gmt":"2016-01-23T14:33:03","guid":{"rendered":"http:\/\/fewo-schoenhagen-ostsee.de\/?page_id=133"},"modified":"2016-01-23T15:33:03","modified_gmt":"2016-01-23T14:33:03","slug":"urlaubsaktivitaeten-rund-um-den-hof-schwansen","status":"publish","type":"page","link":"https:\/\/hof-schwansen.de\/?page_id=133","title":{"rendered":"Urlaubsaktivit\u00e4ten rund um den Hof Schwansen"},"content":{"rendered":"<div id=\"attachment_188\" style=\"width: 515px\" class=\"wp-caption aligncenter\"><a href=\"http:\/\/www.fewo-schoenhagen-ostsee.de\/wp-content\/uploads\/2016\/01\/strand.jpg\"><img aria-describedby=\"caption-attachment-188\" decoding=\"async\" loading=\"lazy\" class=\"wp-image-188\" src=\"http:\/\/www.fewo-schoenhagen-ostsee.de\/wp-content\/uploads\/2016\/01\/strand.jpg\" alt=\"Hof Schwansen, Strand Sch\u00f6nhagen\" width=\"505\" height=\"215\" \/><\/a><p id=\"caption-attachment-188\" class=\"wp-caption-text\">Hof Schwansen, Strand Sch\u00f6nhagen<\/p><\/div>\n<p>Genie\u00dfen Sie Ihren Urlaub in einer unserer sch\u00f6nen Ferienwohnungen. Gehen Sie am Strand spazieren und nutzen Sie Ihre Auszeit vom Alltag.<\/p>\n<p>Wenn Sie Lust auf Abwechslung haben, schauen Sie doch einfach mal, welche vielf\u00e4ltigen Aktivit\u00e4ten die Halbinsel Schwansen und die Umgebung f\u00fcr Sie bereit halten. Bestimmt ist auch f\u00fcr Sie und Ihre Familie das Passende dabei.<\/p>\n<p>Sollten Sie bei Ihrem Aufenthalt bei uns auf weitere interessante M\u00f6glichkeiten der Freizeitgestaltung sto\u00dfen, w\u00fcrden wir uns \u00fcber einen Hinweis von Ihnen sehr freuen.<\/p>\n","protected":false},"excerpt":{"rendered":"<p>Genie\u00dfen Sie Ihren Urlaub in einer unserer sch\u00f6nen Ferienwohnungen. Gehen Sie am Strand spazieren und nutzen Sie Ihre Auszeit vom Alltag. Wenn Sie Lust auf Abwechslung haben, schauen Sie doch einfach mal, welche vielf\u00e4ltigen Aktivit\u00e4ten die Halbinsel Schwansen und die Umgebung f\u00fcr Sie bereit halten. Bestimmt ist auch f\u00fcr Sie und Ihre Familie das Passende [&hellip;]<\/p>\n","protected":false},"author":1,"featured_media":0,"parent":0,"menu_order":0,"comment_status":"closed","ping_status":"closed","template":"","meta":[],"_links":{"self":[{"href":"https:\/\/hof-schwansen.de\/index.php?rest_route=\/wp\/v2\/pages\/133"}],"collection":[{"href":"https:\/\/hof-schwansen.de\/index.php?rest_route=\/wp\/v2\/pages"}],"about":[{"href":"https:\/\/hof-schwansen.de\/index.php?rest_route=\/wp\/v2\/types\/page"}],"author":[{"embeddable":true,"href":"https:\/\/hof-schwansen.de\/index.php?rest_route=\/wp\/v2\/users\/1"}],"replies":[{"embeddable":true,"href":"https:\/\/hof-schwansen.de\/index.php?rest_route=%2Fwp%2Fv2%2Fcomments&post=133"}],"version-history":[{"count":1,"href":"https:\/\/hof-schwansen.de\/index.php?rest_route=\/wp\/v2\/pages\/133\/revisions"}],"predecessor-version":[{"id":134,"href":"https:\/\/hof-schwansen.de\/index.php?rest_route=\/wp\/v2\/pages\/133\/revisions\/134"}],"wp:attachment":[{"href":"https:\/\/hof-schwansen.de\/index.php?rest_route=%2Fwp%2Fv2%2Fmedia&parent=133"}],"curies":[{"name":"wp","href":"https:\/\/api.w.org\/{rel}","templated":true}]}}