{"id":130,"date":"2016-01-23T15:29:59","date_gmt":"2016-01-23T14:29:59","guid":{"rendered":"http:\/\/fewo-schoenhagen-ostsee.de\/?page_id=130"},"modified":"2024-03-12T14:06:27","modified_gmt":"2024-03-12T13:06:27","slug":"unser-service-fuer-sie","status":"publish","type":"page","link":"https:\/\/hof-schwansen.de\/?page_id=130","title":{"rendered":"Unser Service f\u00fcr euch&#8230;"},"content":{"rendered":"<p><strong>Auto<\/strong><br \/>\nZu jeder Ferienwohnung geh\u00f6rt ein PKW-Stellplatz.<\/p>\n<p><strong>Hunde<\/strong><br \/>\nHunde sind in allen Ferienwohnungen jederzeit herzlich willkommen. Gerne verraten wir euch, wo ihr gemeinsam mit eurem treuen Vierbeiner interessante Erkundigungstouren unternehmen k\u00f6nnt, wie z. B. am Hundestrand von Sch\u00f6nhagen.<\/p>\n<p><strong>Internet<\/strong><br \/>\nDank WLAN steht euch kostenlos zur Verf\u00fcgung.<\/p>\n<p><strong>W\u00e4sche<\/strong><br \/>\nF\u00fcr eure W\u00e4sche steht eine Waschmaschine gegen Geb\u00fchr zur Verf\u00fcgung.<\/p>\n","protected":false},"excerpt":{"rendered":"<p>Auto Zu jeder Ferienwohnung geh\u00f6rt ein PKW-Stellplatz. Hunde Hunde sind in allen Ferienwohnungen jederzeit herzlich willkommen. Gerne verraten wir euch, wo ihr gemeinsam mit eurem treuen Vierbeiner interessante Erkundigungstouren unternehmen k\u00f6nnt, wie z. B. am Hundestrand von Sch\u00f6nhagen. Internet Dank WLAN steht euch kostenlos zur Verf\u00fcgung. W\u00e4sche F\u00fcr eure W\u00e4sche steht eine Waschmaschine gegen Geb\u00fchr [&hellip;]<\/p>\n","protected":false},"author":1,"featured_media":0,"parent":0,"menu_order":0,"comment_status":"closed","ping_status":"closed","template":"","meta":[],"_links":{"self":[{"href":"https:\/\/hof-schwansen.de\/index.php?rest_route=\/wp\/v2\/pages\/130"}],"collection":[{"href":"https:\/\/hof-schwansen.de\/index.php?rest_route=\/wp\/v2\/pages"}],"about":[{"href":"https:\/\/hof-schwansen.de\/index.php?rest_route=\/wp\/v2\/types\/page"}],"author":[{"embeddable":true,"href":"https:\/\/hof-schwansen.de\/index.php?rest_route=\/wp\/v2\/users\/1"}],"replies":[{"embeddable":true,"href":"https:\/\/hof-schwansen.de\/index.php?rest_route=%2Fwp%2Fv2%2Fcomments&post=130"}],"version-history":[{"count":4,"href":"https:\/\/hof-schwansen.de\/index.php?rest_route=\/wp\/v2\/pages\/130\/revisions"}],"predecessor-version":[{"id":1463,"href":"https:\/\/hof-schwansen.de\/index.php?rest_route=\/wp\/v2\/pages\/130\/revisions\/1463"}],"wp:attachment":[{"href":"https:\/\/hof-schwansen.de\/index.php?rest_route=%2Fwp%2Fv2%2Fmedia&parent=130"}],"curies":[{"name":"wp","href":"https:\/\/api.w.org\/{rel}","templated":true}]}}