{"id":117,"date":"2016-01-23T15:09:51","date_gmt":"2016-01-23T14:09:51","guid":{"rendered":"http:\/\/fewo-schoenhagen-ostsee.de\/?page_id=117"},"modified":"2024-11-26T12:49:46","modified_gmt":"2024-11-26T11:49:46","slug":"ferienwohnung-duene","status":"publish","type":"page","link":"https:\/\/hof-schwansen.de\/?page_id=117","title":{"rendered":"Ferienwohnung Verz\u00fcckt"},"content":{"rendered":"<div id=\"attachment_267\" style=\"width: 261px\" class=\"wp-caption alignright\"><a href=\"http:\/\/hof-schwansen.de\/wp-content\/uploads\/2016\/06\/duene001.jpg\"><img aria-describedby=\"caption-attachment-267\" decoding=\"async\" loading=\"lazy\" class=\"wp-image-267\" src=\"http:\/\/hof-schwansen.de\/wp-content\/uploads\/2016\/06\/duene001-300x200.jpg\" alt=\"Hof Schwansen - Ferienwohnung D\u00fcne\" width=\"251\" height=\"167\" srcset=\"https:\/\/hof-schwansen.de\/wp-content\/uploads\/2016\/06\/duene001-300x200.jpg 300w, https:\/\/hof-schwansen.de\/wp-content\/uploads\/2016\/06\/duene001-768x512.jpg 768w, https:\/\/hof-schwansen.de\/wp-content\/uploads\/2016\/06\/duene001-1024x682.jpg 1024w, https:\/\/hof-schwansen.de\/wp-content\/uploads\/2016\/06\/duene001.jpg 2000w\" sizes=\"(max-width: 251px) 100vw, 251px\" \/><\/a><p id=\"caption-attachment-267\" class=\"wp-caption-text\">Hof Schwansen &#8211; Ferienwohnung D\u00fcne<\/p><\/div>\n<p>Die Wohnung Verz\u00fcckt bietet Platz f\u00fcr 3 Personen.<\/p>\n<p>Sie verf\u00fcgt \u00fcber<\/p>\n<ul>\n<li>60 qm Wohnfl\u00e4che<\/li>\n<li>eine komplett eingerichtete K\u00fcche<\/li>\n<li>ein Wohn-\/Esszimmer<\/li>\n<li>2 Schlafr\u00e4ume mit Doppelbett<\/li>\n<li>Dusche \/ WC<\/li>\n<li>eigene Terrasse<\/li>\n<li>Parkplatz<\/li>\n<\/ul>\n<p>Weitere Ausstattungsmerkmale findet Ihr hier.<\/p>\n<p>&nbsp;<\/p>\n<table style=\"width: 100%;\" border=\"0\" cellspacing=\"0\" cellpadding=\"0\">\n<tbody>\n<tr>\n<td>\n<p><div id=\"attachment_144\" style=\"width: 168px\" class=\"wp-caption aligncenter\"><a href=\"http:\/\/fewo-schoenhagen-ostsee.de\/wp-content\/uploads\/2016\/01\/duene_02.jpg\"><img aria-describedby=\"caption-attachment-144\" decoding=\"async\" loading=\"lazy\" class=\"wp-image-144\" src=\"http:\/\/fewo-schoenhagen-ostsee.de\/wp-content\/uploads\/2016\/01\/duene_02.jpg\" alt=\"Hof Schwansen - Ferienwohnung Wohlgef\u00fchl\" width=\"158\" height=\"216\" \/><\/a><p id=\"caption-attachment-144\" class=\"wp-caption-text\">Hof Schwansen &#8211; Ferienwohnung Wohlgef\u00fchl<\/p><\/div><\/td>\n<td><img decoding=\"async\" loading=\"lazy\" class=\"wp-image-1415 size-medium aligncenter\" src=\"https:\/\/hof-schwansen.de\/wp-content\/uploads\/2024\/02\/IMG_0045-225x300.jpg\" alt=\"\" width=\"225\" height=\"300\" srcset=\"https:\/\/hof-schwansen.de\/wp-content\/uploads\/2024\/02\/IMG_0045-225x300.jpg 225w, https:\/\/hof-schwansen.de\/wp-content\/uploads\/2024\/02\/IMG_0045-768x1024.jpg 768w, https:\/\/hof-schwansen.de\/wp-content\/uploads\/2024\/02\/IMG_0045-1152x1536.jpg 1152w, https:\/\/hof-schwansen.de\/wp-content\/uploads\/2024\/02\/IMG_0045.jpg 1512w\" sizes=\"(max-width: 225px) 100vw, 225px\" \/><\/td>\n<\/tr>\n<tr>\n<td><img decoding=\"async\" loading=\"lazy\" class=\"wp-image-1423 size-medium aligncenter\" src=\"https:\/\/hof-schwansen.de\/wp-content\/uploads\/2024\/02\/IMG_0049-225x300.jpg\" alt=\"\" width=\"225\" height=\"300\" srcset=\"https:\/\/hof-schwansen.de\/wp-content\/uploads\/2024\/02\/IMG_0049-225x300.jpg 225w, https:\/\/hof-schwansen.de\/wp-content\/uploads\/2024\/02\/IMG_0049-768x1024.jpg 768w, https:\/\/hof-schwansen.de\/wp-content\/uploads\/2024\/02\/IMG_0049-1152x1536.jpg 1152w, https:\/\/hof-schwansen.de\/wp-content\/uploads\/2024\/02\/IMG_0049.jpg 1512w\" sizes=\"(max-width: 225px) 100vw, 225px\" \/><\/td>\n<td><img decoding=\"async\" loading=\"lazy\" class=\"wp-image-1416 size-medium aligncenter\" src=\"https:\/\/hof-schwansen.de\/wp-content\/uploads\/2024\/02\/IMG_0051-225x300.jpg\" alt=\"\" width=\"225\" height=\"300\" srcset=\"https:\/\/hof-schwansen.de\/wp-content\/uploads\/2024\/02\/IMG_0051-225x300.jpg 225w, https:\/\/hof-schwansen.de\/wp-content\/uploads\/2024\/02\/IMG_0051-768x1024.jpg 768w, https:\/\/hof-schwansen.de\/wp-content\/uploads\/2024\/02\/IMG_0051-1152x1536.jpg 1152w, https:\/\/hof-schwansen.de\/wp-content\/uploads\/2024\/02\/IMG_0051.jpg 1512w\" sizes=\"(max-width: 225px) 100vw, 225px\" \/><\/td>\n<\/tr>\n<tr>\n<td><img decoding=\"async\" loading=\"lazy\" class=\"wp-image-1417 size-medium aligncenter\" src=\"https:\/\/hof-schwansen.de\/wp-content\/uploads\/2024\/02\/IMG_0020-225x300.jpg\" alt=\"\" width=\"225\" height=\"300\" srcset=\"https:\/\/hof-schwansen.de\/wp-content\/uploads\/2024\/02\/IMG_0020-225x300.jpg 225w, https:\/\/hof-schwansen.de\/wp-content\/uploads\/2024\/02\/IMG_0020-768x1024.jpg 768w, https:\/\/hof-schwansen.de\/wp-content\/uploads\/2024\/02\/IMG_0020-1152x1536.jpg 1152w, https:\/\/hof-schwansen.de\/wp-content\/uploads\/2024\/02\/IMG_0020-1536x2048.jpg 1536w, https:\/\/hof-schwansen.de\/wp-content\/uploads\/2024\/02\/IMG_0020-scaled.jpg 1920w\" sizes=\"(max-width: 225px) 100vw, 225px\" \/><\/td>\n<td><img decoding=\"async\" loading=\"lazy\" class=\"wp-image-1418 size-medium aligncenter\" src=\"https:\/\/hof-schwansen.de\/wp-content\/uploads\/2024\/02\/IMG_0035-225x300.jpg\" alt=\"\" width=\"225\" height=\"300\" srcset=\"https:\/\/hof-schwansen.de\/wp-content\/uploads\/2024\/02\/IMG_0035-225x300.jpg 225w, https:\/\/hof-schwansen.de\/wp-content\/uploads\/2024\/02\/IMG_0035-768x1024.jpg 768w, https:\/\/hof-schwansen.de\/wp-content\/uploads\/2024\/02\/IMG_0035-1152x1536.jpg 1152w, https:\/\/hof-schwansen.de\/wp-content\/uploads\/2024\/02\/IMG_0035.jpg 1512w\" sizes=\"(max-width: 225px) 100vw, 225px\" \/><\/td>\n<\/tr>\n<tr>\n<td><img decoding=\"async\" loading=\"lazy\" class=\"wp-image-1419 size-medium aligncenter\" src=\"https:\/\/hof-schwansen.de\/wp-content\/uploads\/2024\/02\/IMG_0031-225x300.jpg\" alt=\"\" width=\"225\" height=\"300\" srcset=\"https:\/\/hof-schwansen.de\/wp-content\/uploads\/2024\/02\/IMG_0031-225x300.jpg 225w, https:\/\/hof-schwansen.de\/wp-content\/uploads\/2024\/02\/IMG_0031-768x1024.jpg 768w, https:\/\/hof-schwansen.de\/wp-content\/uploads\/2024\/02\/IMG_0031-1152x1536.jpg 1152w, https:\/\/hof-schwansen.de\/wp-content\/uploads\/2024\/02\/IMG_0031.jpg 1512w\" sizes=\"(max-width: 225px) 100vw, 225px\" \/><\/td>\n<td><img decoding=\"async\" loading=\"lazy\" class=\"wp-image-1420 size-medium aligncenter\" src=\"https:\/\/hof-schwansen.de\/wp-content\/uploads\/2024\/02\/IMG_0023-225x300.jpg\" alt=\"\" width=\"225\" height=\"300\" srcset=\"https:\/\/hof-schwansen.de\/wp-content\/uploads\/2024\/02\/IMG_0023-225x300.jpg 225w, https:\/\/hof-schwansen.de\/wp-content\/uploads\/2024\/02\/IMG_0023-768x1024.jpg 768w, https:\/\/hof-schwansen.de\/wp-content\/uploads\/2024\/02\/IMG_0023-1152x1536.jpg 1152w, https:\/\/hof-schwansen.de\/wp-content\/uploads\/2024\/02\/IMG_0023-1536x2048.jpg 1536w, https:\/\/hof-schwansen.de\/wp-content\/uploads\/2024\/02\/IMG_0023-scaled.jpg 1920w\" sizes=\"(max-width: 225px) 100vw, 225px\" \/><\/td>\n<\/tr>\n<\/tbody>\n<\/table>\n<p><img decoding=\"async\" loading=\"lazy\" class=\"wp-image-1421 size-medium aligncenter\" src=\"https:\/\/hof-schwansen.de\/wp-content\/uploads\/2024\/02\/IMG_0058-225x300.jpg\" alt=\"\" width=\"225\" height=\"300\" srcset=\"https:\/\/hof-schwansen.de\/wp-content\/uploads\/2024\/02\/IMG_0058-225x300.jpg 225w, https:\/\/hof-schwansen.de\/wp-content\/uploads\/2024\/02\/IMG_0058-768x1024.jpg 768w, https:\/\/hof-schwansen.de\/wp-content\/uploads\/2024\/02\/IMG_0058-1152x1536.jpg 1152w, https:\/\/hof-schwansen.de\/wp-content\/uploads\/2024\/02\/IMG_0058-1536x2048.jpg 1536w, https:\/\/hof-schwansen.de\/wp-content\/uploads\/2024\/02\/IMG_0058-scaled.jpg 1920w\" sizes=\"(max-width: 225px) 100vw, 225px\" \/><\/p>\n","protected":false},"excerpt":{"rendered":"<p>Die Wohnung Verz\u00fcckt bietet Platz f\u00fcr 3 Personen. Sie verf\u00fcgt \u00fcber 60 qm Wohnfl\u00e4che eine komplett eingerichtete K\u00fcche ein Wohn-\/Esszimmer 2 Schlafr\u00e4ume mit Doppelbett Dusche \/ WC eigene Terrasse Parkplatz Weitere Ausstattungsmerkmale findet Ihr hier. &nbsp;<\/p>\n","protected":false},"author":1,"featured_media":0,"parent":0,"menu_order":0,"comment_status":"closed","ping_status":"closed","template":"","meta":[],"_links":{"self":[{"href":"https:\/\/hof-schwansen.de\/index.php?rest_route=\/wp\/v2\/pages\/117"}],"collection":[{"href":"https:\/\/hof-schwansen.de\/index.php?rest_route=\/wp\/v2\/pages"}],"about":[{"href":"https:\/\/hof-schwansen.de\/index.php?rest_route=\/wp\/v2\/types\/page"}],"author":[{"embeddable":true,"href":"https:\/\/hof-schwansen.de\/index.php?rest_route=\/wp\/v2\/users\/1"}],"replies":[{"embeddable":true,"href":"https:\/\/hof-schwansen.de\/index.php?rest_route=%2Fwp%2Fv2%2Fcomments&post=117"}],"version-history":[{"count":23,"href":"https:\/\/hof-schwansen.de\/index.php?rest_route=\/wp\/v2\/pages\/117\/revisions"}],"predecessor-version":[{"id":1509,"href":"https:\/\/hof-schwansen.de\/index.php?rest_route=\/wp\/v2\/pages\/117\/revisions\/1509"}],"wp:attachment":[{"href":"https:\/\/hof-schwansen.de\/index.php?rest_route=%2Fwp%2Fv2%2Fmedia&parent=117"}],"curies":[{"name":"wp","href":"https:\/\/api.w.org\/{rel}","templated":true}]}}