{"id":1169,"date":"2021-05-14T08:20:15","date_gmt":"2021-05-14T06:20:15","guid":{"rendered":"https:\/\/hof-schwansen.de\/?page_id=1169"},"modified":"2025-06-19T18:25:55","modified_gmt":"2025-06-19T16:25:55","slug":"hygiene-richtlinien","status":"publish","type":"page","link":"https:\/\/hof-schwansen.de\/?page_id=1169","title":{"rendered":"Hygiene-Richtlinien"},"content":{"rendered":"<p><strong>Gemeinsam stark sein!<\/strong><br \/>\nWir wollen nat\u00fcrlich auch weiterhin, frei nach unserem Motto \u201eankommen, ausatmen, genie\u00dfen\u201c daf\u00fcr sorgen, dass der Aufenthalt bei uns, so entspannt wie m\u00f6glich ist. Damit dies auch klappt, bitten wir euch folgende Regeln zu beachten. F\u00fcr das allgemeine Wohlbefinden und die Sicherheit von euch und meinen Mitarbeitern.<\/p>\n<div id=\"accordion\">\n<h3>Basis<\/h3>\n<div>\n<p>Hier mal unsere Hausregeln f\u00fcr ein Miteinander, die freiwillig sind.<\/p>\n<ul>\n<li>Wir w\u00fcrden uns freuen wenn ihr einen Mund- und Nasenschutz tragt<\/li>\n<li>regelm\u00e4\u00dfiges H\u00e4nde waschen und desinfizieren<\/li>\n<li>in die Armbeuge husten und niesen<\/li>\n<li>H\u00e4nde vom Gesicht fernhalten<\/li>\n<li>Mindestabstand von 1,5 m halten<\/li>\n<li>auf H\u00e4ndesch\u00fctteln verzichten<\/li>\n<\/ul>\n<\/div>\n<div><\/div>\n<\/div>\n<p>Solltet ihr noch Fragen haben, meldet euch bitte bei uns.<br \/>\nWir sind gerne f\u00fcr euch da.<\/p>\n<p>Ilka und Team<\/p>\n","protected":false},"excerpt":{"rendered":"<p>Gemeinsam stark sein! Wir wollen nat\u00fcrlich auch weiterhin, frei nach unserem Motto \u201eankommen, ausatmen, genie\u00dfen\u201c daf\u00fcr sorgen, dass der Aufenthalt bei uns, so entspannt wie m\u00f6glich ist. Damit dies auch klappt, bitten wir euch folgende Regeln zu beachten. F\u00fcr das allgemeine Wohlbefinden und die Sicherheit von euch und meinen Mitarbeitern. Basis Hier mal unsere Hausregeln [&hellip;]<\/p>\n","protected":false},"author":1,"featured_media":0,"parent":0,"menu_order":0,"comment_status":"closed","ping_status":"closed","template":"","meta":[],"_links":{"self":[{"href":"https:\/\/hof-schwansen.de\/index.php?rest_route=\/wp\/v2\/pages\/1169"}],"collection":[{"href":"https:\/\/hof-schwansen.de\/index.php?rest_route=\/wp\/v2\/pages"}],"about":[{"href":"https:\/\/hof-schwansen.de\/index.php?rest_route=\/wp\/v2\/types\/page"}],"author":[{"embeddable":true,"href":"https:\/\/hof-schwansen.de\/index.php?rest_route=\/wp\/v2\/users\/1"}],"replies":[{"embeddable":true,"href":"https:\/\/hof-schwansen.de\/index.php?rest_route=%2Fwp%2Fv2%2Fcomments&post=1169"}],"version-history":[{"count":24,"href":"https:\/\/hof-schwansen.de\/index.php?rest_route=\/wp\/v2\/pages\/1169\/revisions"}],"predecessor-version":[{"id":1199,"href":"https:\/\/hof-schwansen.de\/index.php?rest_route=\/wp\/v2\/pages\/1169\/revisions\/1199"}],"wp:attachment":[{"href":"https:\/\/hof-schwansen.de\/index.php?rest_route=%2Fwp%2Fv2%2Fmedia&parent=1169"}],"curies":[{"name":"wp","href":"https:\/\/api.w.org\/{rel}","templated":true}]}}