{"id":104,"date":"2016-01-23T14:47:21","date_gmt":"2016-01-23T13:47:21","guid":{"rendered":"http:\/\/fewo-schoenhagen-ostsee.de\/?page_id=104"},"modified":"2020-05-20T22:41:25","modified_gmt":"2020-05-20T20:41:25","slug":"ferienwohnungen-auf-dem-hof-schwansen","status":"publish","type":"page","link":"https:\/\/hof-schwansen.de\/?page_id=104","title":{"rendered":"Ferienwohnungen auf dem Hof Schwansen"},"content":{"rendered":"<div id=\"attachment_32\" style=\"width: 507px\" class=\"wp-caption alignnone\"><a href=\"http:\/\/fewo-schoenhagen-ostsee.de\/wp-content\/uploads\/2016\/01\/fw_uebersicht.jpg\"><img aria-describedby=\"caption-attachment-32\" decoding=\"async\" loading=\"lazy\" class=\"wp-image-32\" src=\"http:\/\/fewo-schoenhagen-ostsee.de\/wp-content\/uploads\/2016\/01\/fw_uebersicht-300x200.jpg\" alt=\"Ferienwohnungen Hof Schwansen an der Ostsee \/ Sch\u00f6nhagen\" width=\"497\" height=\"331\" srcset=\"https:\/\/hof-schwansen.de\/wp-content\/uploads\/2016\/01\/fw_uebersicht-300x200.jpg 300w, https:\/\/hof-schwansen.de\/wp-content\/uploads\/2016\/01\/fw_uebersicht.jpg 440w\" sizes=\"(max-width: 497px) 100vw, 497px\" \/><\/a><p id=\"caption-attachment-32\" class=\"wp-caption-text\">Ferienwohnungen Hof Schwansen an der Ostsee \/ Sch\u00f6nhagen<\/p><\/div>\n<p><b>Die Ferienwohnungen verf\u00fcgen \u00fcber<\/b><\/p>\n<ul>\n<li><b><\/b><b><\/b>eine komplett eingerichtete K\u00fcche<\/li>\n<li>einen Wohnraum bzw. ein Wohn-\/Esszimmer<\/li>\n<li>1-2 Schlafr\u00e4ume<\/li>\n<li>Dusche \/ WC<\/li>\n<li>eine eigene Terrasse<\/li>\n<li>Internet (WLAN)<\/li>\n<\/ul>\n<p><b>Die Ferienwohnungen sind ausgestattet mit<\/b><\/p>\n<ul>\n<li><b><\/b><b><\/b>Bettw\u00e4sche und Handt\u00fccher<\/li>\n<li>Geschirrhandt\u00fccher und Sp\u00fclmittel<\/li>\n<li>Staubsauger, Handfeger, Wischer und Putzmittel<\/li>\n<li>W\u00e4schest\u00e4nder (auf Wunsch)<\/li>\n<li>Zustell- und \/ oder Kinderbett (auf Wunsch)<\/li>\n<\/ul>\n<p>Alle Ferienwohnungen sind Nichtraucher-Wohnungen.<\/p>\n<p>Hunde sind in allen Ferienwohnungen herzlich willkommen.<\/p>\n","protected":false},"excerpt":{"rendered":"<p>Die Ferienwohnungen verf\u00fcgen \u00fcber eine komplett eingerichtete K\u00fcche einen Wohnraum bzw. ein Wohn-\/Esszimmer 1-2 Schlafr\u00e4ume Dusche \/ WC eine eigene Terrasse Internet (WLAN) Die Ferienwohnungen sind ausgestattet mit Bettw\u00e4sche und Handt\u00fccher Geschirrhandt\u00fccher und Sp\u00fclmittel Staubsauger, Handfeger, Wischer und Putzmittel W\u00e4schest\u00e4nder (auf Wunsch) Zustell- und \/ oder Kinderbett (auf Wunsch) Alle Ferienwohnungen sind Nichtraucher-Wohnungen. Hunde sind [&hellip;]<\/p>\n","protected":false},"author":1,"featured_media":0,"parent":0,"menu_order":0,"comment_status":"closed","ping_status":"closed","template":"","meta":[],"_links":{"self":[{"href":"https:\/\/hof-schwansen.de\/index.php?rest_route=\/wp\/v2\/pages\/104"}],"collection":[{"href":"https:\/\/hof-schwansen.de\/index.php?rest_route=\/wp\/v2\/pages"}],"about":[{"href":"https:\/\/hof-schwansen.de\/index.php?rest_route=\/wp\/v2\/types\/page"}],"author":[{"embeddable":true,"href":"https:\/\/hof-schwansen.de\/index.php?rest_route=\/wp\/v2\/users\/1"}],"replies":[{"embeddable":true,"href":"https:\/\/hof-schwansen.de\/index.php?rest_route=%2Fwp%2Fv2%2Fcomments&post=104"}],"version-history":[{"count":6,"href":"https:\/\/hof-schwansen.de\/index.php?rest_route=\/wp\/v2\/pages\/104\/revisions"}],"predecessor-version":[{"id":1091,"href":"https:\/\/hof-schwansen.de\/index.php?rest_route=\/wp\/v2\/pages\/104\/revisions\/1091"}],"wp:attachment":[{"href":"https:\/\/hof-schwansen.de\/index.php?rest_route=%2Fwp%2Fv2%2Fmedia&parent=104"}],"curies":[{"name":"wp","href":"https:\/\/api.w.org\/{rel}","templated":true}]}}